{"id":1157,"date":"2019-09-17T16:09:15","date_gmt":"2019-09-17T14:09:15","guid":{"rendered":"https:\/\/azure.teamprojects.de\/?page_id=1157"},"modified":"2019-09-29T18:59:14","modified_gmt":"2019-09-29T16:59:14","slug":"impressum","status":"publish","type":"page","link":"https:\/\/azure.teamprojects.de\/?page_id=1157","title":{"rendered":"Impressum"},"content":{"rendered":"\n<p><strong>Hochschule Darmstadt<\/strong><br>Prof. Dr. Christian B\u00fcrgy<br>Sch\u00f6fferstra\u00dfe 3<br>64295 Darmstadt<\/p>\n\n\n\n<p>info<strong>@<\/strong>h-da.de<\/p>\n","protected":false},"excerpt":{"rendered":"<p>Hochschule DarmstadtProf. Dr. Christian B\u00fcrgySch\u00f6fferstra\u00dfe 364295 Darmstadt info@h-da.de<\/p>\n","protected":false},"author":100,"featured_media":0,"parent":0,"menu_order":0,"comment_status":"closed","ping_status":"closed","template":"","meta":[],"_links":{"self":[{"href":"https:\/\/azure.teamprojects.de\/index.php?rest_route=\/wp\/v2\/pages\/1157"}],"collection":[{"href":"https:\/\/azure.teamprojects.de\/index.php?rest_route=\/wp\/v2\/pages"}],"about":[{"href":"https:\/\/azure.teamprojects.de\/index.php?rest_route=\/wp\/v2\/types\/page"}],"author":[{"embeddable":true,"href":"https:\/\/azure.teamprojects.de\/index.php?rest_route=\/wp\/v2\/users\/100"}],"replies":[{"embeddable":true,"href":"https:\/\/azure.teamprojects.de\/index.php?rest_route=%2Fwp%2Fv2%2Fcomments&post=1157"}],"version-history":[{"count":1,"href":"https:\/\/azure.teamprojects.de\/index.php?rest_route=\/wp\/v2\/pages\/1157\/revisions"}],"predecessor-version":[{"id":1158,"href":"https:\/\/azure.teamprojects.de\/index.php?rest_route=\/wp\/v2\/pages\/1157\/revisions\/1158"}],"wp:attachment":[{"href":"https:\/\/azure.teamprojects.de\/index.php?rest_route=%2Fwp%2Fv2%2Fmedia&parent=1157"}],"curies":[{"name":"wp","href":"https:\/\/api.w.org\/{rel}","templated":true}]}}