{"id":1316,"date":"2019-09-18T23:51:05","date_gmt":"2019-09-18T21:51:05","guid":{"rendered":"https:\/\/azure.teamprojects.de\/?page_id=1316"},"modified":"2019-09-30T11:52:30","modified_gmt":"2019-09-30T09:52:30","slug":"use-cases","status":"publish","type":"page","link":"https:\/\/azure.teamprojects.de\/?page_id=1316","title":{"rendered":"Use Cases"},"content":{"rendered":"\n<p>Folgende Szenarien wurden im Laborraum implementiert:<\/p>\n\n\n\n<ol><li>Deckenlicht von verschiedenen Positionen schalten<\/li><li>Jalousien von verschiedenen Positionen schalten<\/li><li>Aussperrschutz der Jalousien<\/li><li>Steckdose schalten<\/li><li>Licht des Demo-Boards schalten<\/li><li>Licht des Demo-Boards mittels Bewegungsmelder triggern<\/li><\/ol>\n\n\n\n<figure class=\"wp-block-image\"><img decoding=\"async\" loading=\"lazy\" width=\"1024\" height=\"352\" src=\"https:\/\/azure.teamprojects.de\/wp-content\/uploads\/2019\/09\/image-5-1024x352.png\" alt=\"\" class=\"wp-image-1412\" srcset=\"https:\/\/azure.teamprojects.de\/wp-content\/uploads\/2019\/09\/image-5-1024x352.png 1024w, https:\/\/azure.teamprojects.de\/wp-content\/uploads\/2019\/09\/image-5-300x103.png 300w, https:\/\/azure.teamprojects.de\/wp-content\/uploads\/2019\/09\/image-5-768x264.png 768w, https:\/\/azure.teamprojects.de\/wp-content\/uploads\/2019\/09\/image-5.png 1093w\" sizes=\"(max-width: 767px) 89vw, (max-width: 1000px) 54vw, (max-width: 1071px) 543px, 580px\" \/><figcaption>Use-Cases 1,2 &amp; 3 <\/figcaption><\/figure>\n\n\n\n<p>Vorherigem Diagramm ist zu entnehmen, dass mit dem zweigeteilten Schalter f\u00fcr das Deckenlicht zus\u00e4tzlich beide Jalousien \u00f6ffnen und Schlie\u00dfen kann. Zus\u00e4tzlich kann von jeder Seite des Raumes je eine Jalousie und das Deckenlicht geschaltet werden. Die angebrachten T\u00fcr- und Fensterkontakte k\u00f6nnen den sog. Aussperrschutz ausl\u00f6sen. D.h. ist beim herunterfahren der Jalousie ein Fenster ge\u00f6ffnet oder wird w\u00e4hrenddessen ge\u00f6ffnet stoppt der Vorgang.<\/p>\n\n\n\n<figure class=\"wp-block-image\"><img decoding=\"async\" loading=\"lazy\" width=\"1024\" height=\"372\" src=\"https:\/\/azure.teamprojects.de\/wp-content\/uploads\/2019\/09\/image-6-1024x372.png\" alt=\"\" class=\"wp-image-1413\" srcset=\"https:\/\/azure.teamprojects.de\/wp-content\/uploads\/2019\/09\/image-6-1024x372.png 1024w, https:\/\/azure.teamprojects.de\/wp-content\/uploads\/2019\/09\/image-6-300x109.png 300w, https:\/\/azure.teamprojects.de\/wp-content\/uploads\/2019\/09\/image-6-768x279.png 768w, https:\/\/azure.teamprojects.de\/wp-content\/uploads\/2019\/09\/image-6.png 1060w\" sizes=\"(max-width: 767px) 89vw, (max-width: 1000px) 54vw, (max-width: 1071px) 543px, 580px\" \/><figcaption>Use-Cases 4,5 &amp; 6<\/figcaption><\/figure>\n\n\n\n<p>Die Darstellung zeigt, dass das Licht am Demo-Board sowohl mit dem Schalter auf dem Board als auch mit der Beschalteten Steckdose geschaltet werden kann. Zus\u00e4tzlich triggert der Bewegungsmelder ein Signal zum beschalten des Lichtes am Board. Zum schalten der Steckdose kann zum einen der eingebaute Schalter an der Steckdose sowie das der Lichtschalter des Demo-Boards verwendet werden.<\/p>\n","protected":false},"excerpt":{"rendered":"<p>Folgende Szenarien wurden im Laborraum implementiert: Deckenlicht von verschiedenen Positionen schalten Jalousien von verschiedenen Positionen schalten Aussperrschutz der Jalousien Steckdose schalten Licht des Demo-Boards schalten Licht des Demo-Boards mittels Bewegungsmelder triggern Vorherigem Diagramm ist zu entnehmen, dass mit dem zweigeteilten Schalter f\u00fcr das Deckenlicht zus\u00e4tzlich beide Jalousien \u00f6ffnen und Schlie\u00dfen kann. Zus\u00e4tzlich kann von jeder &hellip; <\/p>\n<p class=\"link-more\"><a href=\"https:\/\/azure.teamprojects.de\/?page_id=1316\" class=\"more-link\"><span class=\"screen-reader-text\">\u201eUse Cases\u201c<\/span> weiterlesen<\/a><\/p>\n","protected":false},"author":100,"featured_media":0,"parent":792,"menu_order":0,"comment_status":"closed","ping_status":"closed","template":"","meta":[],"_links":{"self":[{"href":"https:\/\/azure.teamprojects.de\/index.php?rest_route=\/wp\/v2\/pages\/1316"}],"collection":[{"href":"https:\/\/azure.teamprojects.de\/index.php?rest_route=\/wp\/v2\/pages"}],"about":[{"href":"https:\/\/azure.teamprojects.de\/index.php?rest_route=\/wp\/v2\/types\/page"}],"author":[{"embeddable":true,"href":"https:\/\/azure.teamprojects.de\/index.php?rest_route=\/wp\/v2\/users\/100"}],"replies":[{"embeddable":true,"href":"https:\/\/azure.teamprojects.de\/index.php?rest_route=%2Fwp%2Fv2%2Fcomments&post=1316"}],"version-history":[{"count":4,"href":"https:\/\/azure.teamprojects.de\/index.php?rest_route=\/wp\/v2\/pages\/1316\/revisions"}],"predecessor-version":[{"id":1495,"href":"https:\/\/azure.teamprojects.de\/index.php?rest_route=\/wp\/v2\/pages\/1316\/revisions\/1495"}],"up":[{"embeddable":true,"href":"https:\/\/azure.teamprojects.de\/index.php?rest_route=\/wp\/v2\/pages\/792"}],"wp:attachment":[{"href":"https:\/\/azure.teamprojects.de\/index.php?rest_route=%2Fwp%2Fv2%2Fmedia&parent=1316"}],"curies":[{"name":"wp","href":"https:\/\/api.w.org\/{rel}","templated":true}]}}