{"id":1425,"date":"2019-09-28T13:21:37","date_gmt":"2019-09-28T11:21:37","guid":{"rendered":"https:\/\/azure.teamprojects.de\/?page_id=1425"},"modified":"2019-09-29T19:12:42","modified_gmt":"2019-09-29T17:12:42","slug":"ausblick","status":"publish","type":"page","link":"https:\/\/azure.teamprojects.de\/?page_id=1425","title":{"rendered":"Ausblick"},"content":{"rendered":"\n<p>Diese Seite bietet einen kurzen Ausblick und weitere folgende Punkte in diesem Projekt.<\/p>\n\n\n\n<p>Im Weiteren Verlauf der Projektreihe steht eine Ausweitung auf weitere R\u00e4ume an der Hochschule Darmstadt mit Smart-Home Komponenten von J\u00e4ger Direkt an. Langfristiges Ziel ist es, die komplette Geb\u00e4udeetage vernetzen zu k\u00f6nnen.<\/p>\n\n\n\n<p>Weitere Smart-Home Komponenten wie der Heizungs-Stellantrieb\nsollen im Seminarraum installiert werden.<\/p>\n\n\n\n<p>Ziel ist es zudem, die Datenanalyse weiter auszubauen. Nutzungsdaten wie Zeit der Anwesenheit werden vermehrt angefragt. Dadurch l\u00e4sst sich zum Beispiel die Heizungsphase in den R\u00e4umen effizienter planen. Dies ist vor allem unter dem Aspekt Umweltschutz eine sinnvolle Ma\u00dfnahme.<\/p>\n\n\n\n<p>Des Weiteren soll ein direkter Zugriff auf die API des Gateways gegeben werden. Das  Gateway verf\u00fcgt \u00fcber eine REST API, mit der eine weitere M\u00f6glichkeit gegeben w\u00e4re, den Datenverkehr zu \u00fcberwachen und Ger\u00e4te von weiteren Herstellern einbinden zu k\u00f6nnen.<\/p>\n\n\n\n<p><\/p>\n","protected":false},"excerpt":{"rendered":"<p>Diese Seite bietet einen kurzen Ausblick und weitere folgende Punkte in diesem Projekt. Im Weiteren Verlauf der Projektreihe steht eine Ausweitung auf weitere R\u00e4ume an der Hochschule Darmstadt mit Smart-Home Komponenten von J\u00e4ger Direkt an. Langfristiges Ziel ist es, die komplette Geb\u00e4udeetage vernetzen zu k\u00f6nnen. Weitere Smart-Home Komponenten wie der Heizungs-Stellantrieb sollen im Seminarraum installiert &hellip; <\/p>\n<p class=\"link-more\"><a href=\"https:\/\/azure.teamprojects.de\/?page_id=1425\" class=\"more-link\"><span class=\"screen-reader-text\">\u201eAusblick\u201c<\/span> weiterlesen<\/a><\/p>\n","protected":false},"author":100,"featured_media":0,"parent":671,"menu_order":0,"comment_status":"closed","ping_status":"closed","template":"","meta":[],"_links":{"self":[{"href":"https:\/\/azure.teamprojects.de\/index.php?rest_route=\/wp\/v2\/pages\/1425"}],"collection":[{"href":"https:\/\/azure.teamprojects.de\/index.php?rest_route=\/wp\/v2\/pages"}],"about":[{"href":"https:\/\/azure.teamprojects.de\/index.php?rest_route=\/wp\/v2\/types\/page"}],"author":[{"embeddable":true,"href":"https:\/\/azure.teamprojects.de\/index.php?rest_route=\/wp\/v2\/users\/100"}],"replies":[{"embeddable":true,"href":"https:\/\/azure.teamprojects.de\/index.php?rest_route=%2Fwp%2Fv2%2Fcomments&post=1425"}],"version-history":[{"count":2,"href":"https:\/\/azure.teamprojects.de\/index.php?rest_route=\/wp\/v2\/pages\/1425\/revisions"}],"predecessor-version":[{"id":1451,"href":"https:\/\/azure.teamprojects.de\/index.php?rest_route=\/wp\/v2\/pages\/1425\/revisions\/1451"}],"up":[{"embeddable":true,"href":"https:\/\/azure.teamprojects.de\/index.php?rest_route=\/wp\/v2\/pages\/671"}],"wp:attachment":[{"href":"https:\/\/azure.teamprojects.de\/index.php?rest_route=%2Fwp%2Fv2%2Fmedia&parent=1425"}],"curies":[{"name":"wp","href":"https:\/\/api.w.org\/{rel}","templated":true}]}}