{"id":18,"date":"2019-03-19T18:14:16","date_gmt":"2019-03-19T17:14:16","guid":{"rendered":"https:\/\/azure.teamprojects.de\/?page_id=18"},"modified":"2019-09-29T19:00:29","modified_gmt":"2019-09-29T17:00:29","slug":"microsoft-azure","status":"publish","type":"page","link":"https:\/\/azure.teamprojects.de\/?page_id=18","title":{"rendered":"Microsoft Azure &#8211; Allgemeines"},"content":{"rendered":"\n<h2><strong>Was ist Microsoft Azure?<\/strong><\/h2>\n\n\n\n<p>Azure ist eine Cloud-Computing-Plattform des Software-Herstellers Microsoft. Sie wendet sich mit ihren Services in erster Linie an Entwickler und Unternehmen. Verf\u00fcgbar ist die Cloud-Computing-Plattform offiziell seit dem Jahr 2010. Seither erweitert Microsoft das Serviceangebot und die Leistungsf\u00e4higkeit seiner Cloud-Computing-Umgebung kontinuierlich. <\/p>\n\n\n\n<p>Es k\u00f6nnen verschiedene Services aus den Bereichen Infrastructure as a Service (IaaS), Platform as a Service (PaaS) und Software as a Service (SaaS) ausgew\u00e4hlt und genutzt werden. Ebenfalls werden Datenbanken, Storagesysteme, virtuelle Maschinen, SQL-Datenbanken und VPN-Gateways bereitgestellt. Den Anwendern der Plattform soll eine flexible Cloud-Infrastruktur zur Verf\u00fcgung gestellt werden, die sich schnell individuellen Anforderungen anpassen l\u00e4sst und Unternehmen eine eigene IT-Infrastruktur erspart.&nbsp; <\/p>\n\n\n\n<h2><strong>Verwendung von Azure in den Team-Projekten<\/strong><\/h2>\n\n\n\n<p>Die studentischen Arbeitsgruppen verwenden Microsoft Azure als Cloud-Dienst f\u00fcr die  Kommunikation von Sensordaten und Informationen. Lokal gesammelte Daten werden global in der Cloud gesammelt, verarbeitet und dargestellt.<\/p>\n\n\n\n<p>Sensoren und Aktoren k\u00f6nnen in Azure als IoT-Devices  angelegt werden. Somit l\u00e4sst sich in der Cloud die Steuerung der Ger\u00e4te in eigener Umgebung (z.B. mittels IoT-Hub und Web-Page) realisieren.<\/p>\n\n\n\n<p><\/p>\n","protected":false},"excerpt":{"rendered":"<p>Was ist Microsoft Azure? Azure ist eine Cloud-Computing-Plattform des Software-Herstellers Microsoft. Sie wendet sich mit ihren Services in erster Linie an Entwickler und Unternehmen. Verf\u00fcgbar ist die Cloud-Computing-Plattform offiziell seit dem Jahr 2010. Seither erweitert Microsoft das Serviceangebot und die Leistungsf\u00e4higkeit seiner Cloud-Computing-Umgebung kontinuierlich. Es k\u00f6nnen verschiedene Services aus den Bereichen Infrastructure as a Service &hellip; <\/p>\n<p class=\"link-more\"><a href=\"https:\/\/azure.teamprojects.de\/?page_id=18\" class=\"more-link\"><span class=\"screen-reader-text\">\u201eMicrosoft Azure &#8211; Allgemeines\u201c<\/span> weiterlesen<\/a><\/p>\n","protected":false},"author":100,"featured_media":0,"parent":1044,"menu_order":0,"comment_status":"closed","ping_status":"closed","template":"","meta":[],"_links":{"self":[{"href":"https:\/\/azure.teamprojects.de\/index.php?rest_route=\/wp\/v2\/pages\/18"}],"collection":[{"href":"https:\/\/azure.teamprojects.de\/index.php?rest_route=\/wp\/v2\/pages"}],"about":[{"href":"https:\/\/azure.teamprojects.de\/index.php?rest_route=\/wp\/v2\/types\/page"}],"author":[{"embeddable":true,"href":"https:\/\/azure.teamprojects.de\/index.php?rest_route=\/wp\/v2\/users\/100"}],"replies":[{"embeddable":true,"href":"https:\/\/azure.teamprojects.de\/index.php?rest_route=%2Fwp%2Fv2%2Fcomments&post=18"}],"version-history":[{"count":5,"href":"https:\/\/azure.teamprojects.de\/index.php?rest_route=\/wp\/v2\/pages\/18\/revisions"}],"predecessor-version":[{"id":1149,"href":"https:\/\/azure.teamprojects.de\/index.php?rest_route=\/wp\/v2\/pages\/18\/revisions\/1149"}],"up":[{"embeddable":true,"href":"https:\/\/azure.teamprojects.de\/index.php?rest_route=\/wp\/v2\/pages\/1044"}],"wp:attachment":[{"href":"https:\/\/azure.teamprojects.de\/index.php?rest_route=%2Fwp%2Fv2%2Fmedia&parent=18"}],"curies":[{"name":"wp","href":"https:\/\/api.w.org\/{rel}","templated":true}]}}