{"id":549,"date":"2019-03-21T02:47:58","date_gmt":"2019-03-21T01:47:58","guid":{"rendered":"https:\/\/azure.teamprojects.de\/?page_id=549"},"modified":"2019-07-12T09:14:07","modified_gmt":"2019-07-12T07:14:07","slug":"azure-studenten-acc-erstellen","status":"publish","type":"page","link":"https:\/\/azure.teamprojects.de\/?page_id=549","title":{"rendered":"Azure Studenten-Account"},"content":{"rendered":"\n<p><strong>Hinweis: <\/strong><em>Dieses Tutorial ist nur f\u00fcr immatrikulierte Studenten mit einer Studien-Email. Der Account ist nur f\u00fcr 30 Tage g\u00fcltig oder verf\u00e4llt wenn das Gratis-Guthaben aufgebraucht ist !<\/em><\/p>\n\n\n\n<p>Besuchen Sie den Link von Azure:<\/p>\n\n\n\nhttps:\/\/azure.microsoft.com\/de-de\/free\/students\/\n\n\n\n<p>Klicken Sie auf  &#8222;Jetzt aktivieren&#8220;.<\/p>\n\n\n\n<figure class=\"wp-block-image\"><img decoding=\"async\" loading=\"lazy\" width=\"711\" height=\"478\" src=\"https:\/\/azure.teamprojects.de\/wp-content\/uploads\/2019\/03\/Bildschirmfoto-2019-03-21-um-02.34.13.png\" alt=\"\" class=\"wp-image-550\" srcset=\"https:\/\/azure.teamprojects.de\/wp-content\/uploads\/2019\/03\/Bildschirmfoto-2019-03-21-um-02.34.13.png 711w, https:\/\/azure.teamprojects.de\/wp-content\/uploads\/2019\/03\/Bildschirmfoto-2019-03-21-um-02.34.13-300x202.png 300w\" sizes=\"(max-width: 711px) 100vw, 711px\" \/><figcaption>Abbildung 1<\/figcaption><\/figure>\n\n\n\n<p>Die &#8222;Schul- oder Uni-E-Mail-Adresse&#8220; eingeben und auf &#8222;Akademischen Status verifizieren&#8220; klicken.<\/p>\n\n\n\n<figure class=\"wp-block-image\"><img decoding=\"async\" loading=\"lazy\" width=\"663\" height=\"571\" src=\"https:\/\/azure.teamprojects.de\/wp-content\/uploads\/2019\/03\/Bildschirmfoto-2019-03-21-um-02.44.56.png\" alt=\"\" class=\"wp-image-551\" srcset=\"https:\/\/azure.teamprojects.de\/wp-content\/uploads\/2019\/03\/Bildschirmfoto-2019-03-21-um-02.44.56.png 663w, https:\/\/azure.teamprojects.de\/wp-content\/uploads\/2019\/03\/Bildschirmfoto-2019-03-21-um-02.44.56-300x258.png 300w\" sizes=\"(max-width: 663px) 100vw, 663px\" \/><figcaption>Abbildung 2<\/figcaption><\/figure>\n\n\n\n<p>Zur Verifizierung wurde eine E-Mail an die von Ihnen angegebene Schul- oder Uni-E-Mail-Adresse gesendet. Befolgen Sie die Anweisungen in der E-Mail, um das Angebot zu aktivieren.<\/p>\n\n\n\n<figure class=\"wp-block-image\"><img decoding=\"async\" loading=\"lazy\" width=\"769\" height=\"481\" src=\"https:\/\/azure.teamprojects.de\/wp-content\/uploads\/2019\/03\/Bildschirmfoto-2019-03-21-um-02.52.53-1.png\" alt=\"\" class=\"wp-image-558\" srcset=\"https:\/\/azure.teamprojects.de\/wp-content\/uploads\/2019\/03\/Bildschirmfoto-2019-03-21-um-02.52.53-1.png 769w, https:\/\/azure.teamprojects.de\/wp-content\/uploads\/2019\/03\/Bildschirmfoto-2019-03-21-um-02.52.53-1-300x188.png 300w, https:\/\/azure.teamprojects.de\/wp-content\/uploads\/2019\/03\/Bildschirmfoto-2019-03-21-um-02.52.53-1-768x480.png 768w\" sizes=\"(max-width: 767px) 89vw, (max-width: 1000px) 54vw, (max-width: 1071px) 543px, 580px\" \/><figcaption>Abbildung 3<\/figcaption><\/figure>\n\n\n\n<p>Link im Browser eingeben. Danach melden Sie sich mit einer beliebigen Email-Adresse an oder klicken auf eine angezeigte Email-Adresse.<\/p>\n\n\n\n<figure class=\"wp-block-image is-resized\"><img decoding=\"async\" loading=\"lazy\" src=\"https:\/\/azure.teamprojects.de\/wp-content\/uploads\/2019\/03\/Bildschirmfoto-2019-03-21-um-04.24.43-1-1024x580.png\" alt=\"\" class=\"wp-image-561\" width=\"649\" height=\"367\" srcset=\"https:\/\/azure.teamprojects.de\/wp-content\/uploads\/2019\/03\/Bildschirmfoto-2019-03-21-um-04.24.43-1-1024x580.png 1024w, https:\/\/azure.teamprojects.de\/wp-content\/uploads\/2019\/03\/Bildschirmfoto-2019-03-21-um-04.24.43-1-300x170.png 300w, https:\/\/azure.teamprojects.de\/wp-content\/uploads\/2019\/03\/Bildschirmfoto-2019-03-21-um-04.24.43-1-768x435.png 768w, https:\/\/azure.teamprojects.de\/wp-content\/uploads\/2019\/03\/Bildschirmfoto-2019-03-21-um-04.24.43-1.png 1278w\" sizes=\"(max-width: 649px) 100vw, 649px\" \/><figcaption>Abbildung 4<\/figcaption><\/figure>\n\n\n\n<p>Im n\u00e4chsten Schritt &#8222;Vorname&#8220; und &#8222;Nachname&#8220; eingeben und mit &#8222;Weiter&#8220; best\u00e4tigen.<\/p>\n\n\n\n<figure class=\"wp-block-image is-resized\"><img decoding=\"async\" loading=\"lazy\" src=\"https:\/\/azure.teamprojects.de\/wp-content\/uploads\/2019\/03\/Bildschirmfoto-2019-03-21-um-04.28.24-1024x610.png\" alt=\"\" class=\"wp-image-562\" width=\"727\" height=\"432\" srcset=\"https:\/\/azure.teamprojects.de\/wp-content\/uploads\/2019\/03\/Bildschirmfoto-2019-03-21-um-04.28.24-1024x610.png 1024w, https:\/\/azure.teamprojects.de\/wp-content\/uploads\/2019\/03\/Bildschirmfoto-2019-03-21-um-04.28.24-300x179.png 300w, https:\/\/azure.teamprojects.de\/wp-content\/uploads\/2019\/03\/Bildschirmfoto-2019-03-21-um-04.28.24-768x457.png 768w, https:\/\/azure.teamprojects.de\/wp-content\/uploads\/2019\/03\/Bildschirmfoto-2019-03-21-um-04.28.24.png 1266w\" sizes=\"(max-width: 727px) 100vw, 727px\" \/><figcaption>Abbildung 5<\/figcaption><\/figure>\n\n\n\n<p>Im n\u00e4chsten Schritt best\u00e4tigen Sie Ihre Identit\u00e4t. &#8222;Telefonnummer&#8220; eingeben und eine der beiden M\u00f6glichkeiten &#8222;Mir eine SMS schicken&#8220; oder &#8222;Mich anrufen&#8220;  ausw\u00e4hlen.<\/p>\n\n\n\n<figure class=\"wp-block-image\"><img decoding=\"async\" loading=\"lazy\" width=\"1024\" height=\"575\" src=\"https:\/\/azure.teamprojects.de\/wp-content\/uploads\/2019\/03\/Bildschirmfoto-2019-03-21-um-04.35.35-1024x575.png\" alt=\"\" class=\"wp-image-564\" srcset=\"https:\/\/azure.teamprojects.de\/wp-content\/uploads\/2019\/03\/Bildschirmfoto-2019-03-21-um-04.35.35-1024x575.png 1024w, https:\/\/azure.teamprojects.de\/wp-content\/uploads\/2019\/03\/Bildschirmfoto-2019-03-21-um-04.35.35-300x168.png 300w, https:\/\/azure.teamprojects.de\/wp-content\/uploads\/2019\/03\/Bildschirmfoto-2019-03-21-um-04.35.35-768x431.png 768w, https:\/\/azure.teamprojects.de\/wp-content\/uploads\/2019\/03\/Bildschirmfoto-2019-03-21-um-04.35.35.png 1261w\" sizes=\"(max-width: 767px) 89vw, (max-width: 1000px) 54vw, (max-width: 1071px) 543px, 580px\" \/><figcaption>Abbildung 6<\/figcaption><\/figure>\n\n\n\n<p>Den Pin den Sie erhalten haben im n\u00e4chsten Schritt einfach eingeben und best\u00e4tigen.<\/p>\n\n\n\n<figure class=\"wp-block-image is-resized\"><img decoding=\"async\" loading=\"lazy\" src=\"https:\/\/azure.teamprojects.de\/wp-content\/uploads\/2019\/03\/Bildschirmfoto-2019-03-21-um-04.39.53.png\" alt=\"\" class=\"wp-image-567\" width=\"535\" height=\"323\" srcset=\"https:\/\/azure.teamprojects.de\/wp-content\/uploads\/2019\/03\/Bildschirmfoto-2019-03-21-um-04.39.53.png 372w, https:\/\/azure.teamprojects.de\/wp-content\/uploads\/2019\/03\/Bildschirmfoto-2019-03-21-um-04.39.53-300x181.png 300w\" sizes=\"(max-width: 535px) 100vw, 535px\" \/><figcaption>Abbildung 7<\/figcaption><\/figure>\n\n\n\n<p>Im entsprechenden Feld durch setzen eines Hakens die Vertragsbestimmungen annehmen und auf &#8222;Bedingungen akzeptieren&#8220; klicken.<\/p>\n\n\n\n<figure class=\"wp-block-image\"><img decoding=\"async\" loading=\"lazy\" width=\"704\" height=\"664\" src=\"https:\/\/azure.teamprojects.de\/wp-content\/uploads\/2019\/03\/Bildschirmfoto-2019-03-21-um-04.43.33.png\" alt=\"\" class=\"wp-image-569\" srcset=\"https:\/\/azure.teamprojects.de\/wp-content\/uploads\/2019\/03\/Bildschirmfoto-2019-03-21-um-04.43.33.png 704w, https:\/\/azure.teamprojects.de\/wp-content\/uploads\/2019\/03\/Bildschirmfoto-2019-03-21-um-04.43.33-300x283.png 300w\" sizes=\"(max-width: 704px) 100vw, 704px\" \/><figcaption>Abbildung 8<\/figcaption><\/figure>\n\n\n\n<p>Herzlichen Gl\u00fcckwunsch Sie haben jetzt einen Azure Account! <\/p>\n\n\n\n<figure class=\"wp-block-image\"><img decoding=\"async\" loading=\"lazy\" width=\"1024\" height=\"604\" src=\"https:\/\/azure.teamprojects.de\/wp-content\/uploads\/2019\/03\/Bildschirmfoto-2019-03-21-um-04.48.41-1024x604.png\" alt=\"\" class=\"wp-image-570\" srcset=\"https:\/\/azure.teamprojects.de\/wp-content\/uploads\/2019\/03\/Bildschirmfoto-2019-03-21-um-04.48.41-1024x604.png 1024w, https:\/\/azure.teamprojects.de\/wp-content\/uploads\/2019\/03\/Bildschirmfoto-2019-03-21-um-04.48.41-300x177.png 300w, https:\/\/azure.teamprojects.de\/wp-content\/uploads\/2019\/03\/Bildschirmfoto-2019-03-21-um-04.48.41-768x453.png 768w, https:\/\/azure.teamprojects.de\/wp-content\/uploads\/2019\/03\/Bildschirmfoto-2019-03-21-um-04.48.41.png 1265w\" sizes=\"(max-width: 767px) 89vw, (max-width: 1000px) 54vw, (max-width: 1071px) 543px, 580px\" \/><figcaption>Abbildung 9<\/figcaption><\/figure>\n","protected":false},"excerpt":{"rendered":"<p>Hinweis: Dieses Tutorial ist nur f\u00fcr immatrikulierte Studenten mit einer Studien-Email. Der Account ist nur f\u00fcr 30 Tage g\u00fcltig oder verf\u00e4llt wenn das Gratis-Guthaben aufgebraucht ist ! Besuchen Sie den Link von Azure: https:\/\/azure.microsoft.com\/de-de\/free\/students\/ Klicken Sie auf &#8222;Jetzt aktivieren&#8220;. Die &#8222;Schul- oder Uni-E-Mail-Adresse&#8220; eingeben und auf &#8222;Akademischen Status verifizieren&#8220; klicken. Zur Verifizierung wurde eine E-Mail &hellip; <\/p>\n<p class=\"link-more\"><a href=\"https:\/\/azure.teamprojects.de\/?page_id=549\" class=\"more-link\"><span class=\"screen-reader-text\">\u201eAzure Studenten-Account\u201c<\/span> weiterlesen<\/a><\/p>\n","protected":false},"author":100,"featured_media":0,"parent":698,"menu_order":1,"comment_status":"closed","ping_status":"closed","template":"","meta":[],"_links":{"self":[{"href":"https:\/\/azure.teamprojects.de\/index.php?rest_route=\/wp\/v2\/pages\/549"}],"collection":[{"href":"https:\/\/azure.teamprojects.de\/index.php?rest_route=\/wp\/v2\/pages"}],"about":[{"href":"https:\/\/azure.teamprojects.de\/index.php?rest_route=\/wp\/v2\/types\/page"}],"author":[{"embeddable":true,"href":"https:\/\/azure.teamprojects.de\/index.php?rest_route=\/wp\/v2\/users\/100"}],"replies":[{"embeddable":true,"href":"https:\/\/azure.teamprojects.de\/index.php?rest_route=%2Fwp%2Fv2%2Fcomments&post=549"}],"version-history":[{"count":16,"href":"https:\/\/azure.teamprojects.de\/index.php?rest_route=\/wp\/v2\/pages\/549\/revisions"}],"predecessor-version":[{"id":628,"href":"https:\/\/azure.teamprojects.de\/index.php?rest_route=\/wp\/v2\/pages\/549\/revisions\/628"}],"up":[{"embeddable":true,"href":"https:\/\/azure.teamprojects.de\/index.php?rest_route=\/wp\/v2\/pages\/698"}],"wp:attachment":[{"href":"https:\/\/azure.teamprojects.de\/index.php?rest_route=%2Fwp%2Fv2%2Fmedia&parent=549"}],"curies":[{"name":"wp","href":"https:\/\/api.w.org\/{rel}","templated":true}]}}