{"id":581,"date":"2019-03-21T10:12:20","date_gmt":"2019-03-21T09:12:20","guid":{"rendered":"https:\/\/azure.teamprojects.de\/?page_id=581"},"modified":"2019-07-12T09:17:09","modified_gmt":"2019-07-12T07:17:09","slug":"raspberry-pi","status":"publish","type":"page","link":"https:\/\/azure.teamprojects.de\/?page_id=581","title":{"rendered":"Raspberry Pi"},"content":{"rendered":"\n<p>In einer Serie von Tutorials k\u00f6nnt ihr hier erfahren wie ihr euren Raspberry Pi 3 mit der Azure Cloud verbindet und dieser Verbindung Funktionalit\u00e4ten hinzuf\u00fcgt.<\/p>\n\n\n\n<p>F\u00fcr alle die es schnell haben wollen haben wir die <a href=\"https:\/\/azure.teamprojects.de\/?page_id=26\">Schnellstart Anleitung<\/a> in der ihr Schritt f\u00fcr Schritt erkl\u00e4rt bekommt was ihr machen m\u00fcsst um am Ende ein laufendes Produkt zu haben, auf den Code gehen wir aber nicht ein, den k\u00f6nnt ihr einfach fertig herunterladen.<\/p>\n\n\n\n<p>F\u00fcr alle die es etwas ausf\u00fchrlicher wollen gibt es drei vertiefende Tutorials, in der die selbe Funktionalit\u00e4t wie in der Schnellstart Anleitung umgesetzt wird, dabei jedoch auch der Code erkl\u00e4rt wird, sodass man wei\u00df was gemacht wird und es nach belieben anpassen kann.<\/p>\n\n\n\n<p><a href=\"https:\/\/azure.teamprojects.de\/?page_id=119\">Tutorial 1: C2D Nachrichten empfangen<\/a><br><a href=\"https:\/\/azure.teamprojects.de\/?page_id=137\">Tutorial 2: Temperatur Sensor und D2C<\/a><br><a href=\"https:\/\/azure.teamprojects.de\/?page_id=181\">Tutorial 3: Daten per Mail versenden<\/a><\/p>\n\n\n\n<p>Eine weitere m\u00f6gliche Funktionalit\u00e4t konnten wir leider auf Grund von Problemen nicht mehr implementieren, wer sich damit etwas genauer besch\u00e4ftigen m\u00f6chte kann sich unseren <a href=\"https:\/\/azure.teamprojects.de\/?page_id=452\">Fehlerbericht<\/a> angucken.<\/p>\n","protected":false},"excerpt":{"rendered":"<p>In einer Serie von Tutorials k\u00f6nnt ihr hier erfahren wie ihr euren Raspberry Pi 3 mit der Azure Cloud verbindet und dieser Verbindung Funktionalit\u00e4ten hinzuf\u00fcgt. F\u00fcr alle die es schnell haben wollen haben wir die Schnellstart Anleitung in der ihr Schritt f\u00fcr Schritt erkl\u00e4rt bekommt was ihr machen m\u00fcsst um am Ende ein laufendes Produkt &hellip; <\/p>\n<p class=\"link-more\"><a href=\"https:\/\/azure.teamprojects.de\/?page_id=581\" class=\"more-link\"><span class=\"screen-reader-text\">\u201eRaspberry Pi\u201c<\/span> weiterlesen<\/a><\/p>\n","protected":false},"author":100,"featured_media":0,"parent":698,"menu_order":5,"comment_status":"closed","ping_status":"closed","template":"","meta":[],"_links":{"self":[{"href":"https:\/\/azure.teamprojects.de\/index.php?rest_route=\/wp\/v2\/pages\/581"}],"collection":[{"href":"https:\/\/azure.teamprojects.de\/index.php?rest_route=\/wp\/v2\/pages"}],"about":[{"href":"https:\/\/azure.teamprojects.de\/index.php?rest_route=\/wp\/v2\/types\/page"}],"author":[{"embeddable":true,"href":"https:\/\/azure.teamprojects.de\/index.php?rest_route=\/wp\/v2\/users\/100"}],"replies":[{"embeddable":true,"href":"https:\/\/azure.teamprojects.de\/index.php?rest_route=%2Fwp%2Fv2%2Fcomments&post=581"}],"version-history":[{"count":2,"href":"https:\/\/azure.teamprojects.de\/index.php?rest_route=\/wp\/v2\/pages\/581\/revisions"}],"predecessor-version":[{"id":583,"href":"https:\/\/azure.teamprojects.de\/index.php?rest_route=\/wp\/v2\/pages\/581\/revisions\/583"}],"up":[{"embeddable":true,"href":"https:\/\/azure.teamprojects.de\/index.php?rest_route=\/wp\/v2\/pages\/698"}],"wp:attachment":[{"href":"https:\/\/azure.teamprojects.de\/index.php?rest_route=%2Fwp%2Fv2%2Fmedia&parent=581"}],"curies":[{"name":"wp","href":"https:\/\/api.w.org\/{rel}","templated":true}]}}