{"id":585,"date":"2019-03-21T10:38:43","date_gmt":"2019-03-21T09:38:43","guid":{"rendered":"https:\/\/azure.teamprojects.de\/?page_id=585"},"modified":"2019-07-12T09:16:53","modified_gmt":"2019-07-12T07:16:53","slug":"philips-hue","status":"publish","type":"page","link":"https:\/\/azure.teamprojects.de\/?page_id=585","title":{"rendered":"Philips Hue"},"content":{"rendered":"\n<p>In diesen Tutorials k\u00f6nnt Ihr erfahren, wie man die Philips Hue Lampe mit der Programmschnittstelle verbindet. Au\u00dferdem wird gezeigt wie man  Azure Powershell auf Windows installiert. Schlie\u00dflich wird dargestellt, wie man \u00fcber Powershell Zugriff auf Azure nimmt und die Hue Lampe damit steuert.<br><br><a href=\"https:\/\/azure.teamprojects.de\/?page_id=203(\u00f6ffnet in neuem Tab)\">Tutorial 1: Philips Hue mit der Programmschnittstelle verbinden<\/a><br><a href=\"https:\/\/azure.teamprojects.de\/?page_id=239(\u00f6ffnet in neuem Tab)\">Tutorial 2: Konfigurieren von Azure und Kontrollieren der Hue Lampe mit Powershell auf Windows.<\/a><br><br><\/p>\n\n\n\n<p>Der Datentransfer zwischen der Hue Lampe mit Azure \u00fcber Powershell war nicht erfolgreich. Wer sich damit etwas genauer besch\u00e4ftigen m\u00f6chte, kann sich unseren <a href=\"https:\/\/azure.teamprojects.de\/?page_id=384(\u00f6ffnet in neuem Tab)\">Fehlerbericht<\/a> ansehen.<br><\/p>\n","protected":false},"excerpt":{"rendered":"<p>In diesen Tutorials k\u00f6nnt Ihr erfahren, wie man die Philips Hue Lampe mit der Programmschnittstelle verbindet. Au\u00dferdem wird gezeigt wie man Azure Powershell auf Windows installiert. Schlie\u00dflich wird dargestellt, wie man \u00fcber Powershell Zugriff auf Azure nimmt und die Hue Lampe damit steuert. Tutorial 1: Philips Hue mit der Programmschnittstelle verbindenTutorial 2: Konfigurieren von Azure &hellip; <\/p>\n<p class=\"link-more\"><a href=\"https:\/\/azure.teamprojects.de\/?page_id=585\" class=\"more-link\"><span class=\"screen-reader-text\">\u201ePhilips Hue\u201c<\/span> weiterlesen<\/a><\/p>\n","protected":false},"author":100,"featured_media":0,"parent":698,"menu_order":4,"comment_status":"closed","ping_status":"closed","template":"","meta":[],"_links":{"self":[{"href":"https:\/\/azure.teamprojects.de\/index.php?rest_route=\/wp\/v2\/pages\/585"}],"collection":[{"href":"https:\/\/azure.teamprojects.de\/index.php?rest_route=\/wp\/v2\/pages"}],"about":[{"href":"https:\/\/azure.teamprojects.de\/index.php?rest_route=\/wp\/v2\/types\/page"}],"author":[{"embeddable":true,"href":"https:\/\/azure.teamprojects.de\/index.php?rest_route=\/wp\/v2\/users\/100"}],"replies":[{"embeddable":true,"href":"https:\/\/azure.teamprojects.de\/index.php?rest_route=%2Fwp%2Fv2%2Fcomments&post=585"}],"version-history":[{"count":7,"href":"https:\/\/azure.teamprojects.de\/index.php?rest_route=\/wp\/v2\/pages\/585\/revisions"}],"predecessor-version":[{"id":615,"href":"https:\/\/azure.teamprojects.de\/index.php?rest_route=\/wp\/v2\/pages\/585\/revisions\/615"}],"up":[{"embeddable":true,"href":"https:\/\/azure.teamprojects.de\/index.php?rest_route=\/wp\/v2\/pages\/698"}],"wp:attachment":[{"href":"https:\/\/azure.teamprojects.de\/index.php?rest_route=%2Fwp%2Fv2%2Fmedia&parent=585"}],"curies":[{"name":"wp","href":"https:\/\/api.w.org\/{rel}","templated":true}]}}