{"id":671,"date":"2019-07-12T09:17:49","date_gmt":"2019-07-12T07:17:49","guid":{"rendered":"https:\/\/azure.teamprojects.de\/?page_id=671"},"modified":"2019-09-17T16:20:34","modified_gmt":"2019-09-17T14:20:34","slug":"team-projekt-2019-test","status":"publish","type":"page","link":"https:\/\/azure.teamprojects.de\/?page_id=671","title":{"rendered":"Team Projekt &#8211; 2019"},"content":{"rendered":"\n<h2><strong>Azure Smart Home mit J\u00e4ger Direkt<\/strong><\/h2>\n\n\n\n<p>Dieses Projekt wurde von den Studierenden Natalie Reth, Frederik Marek, Mortiz Wallmann und Jacob Heins im Sommersemster 2019 bearbeitet.<\/p>\n\n\n\n<p>Betreuender Professor war Herr Dr. Christian B\u00fcrgy.<\/p>\n\n\n\n<h2><strong>Ziel des Projekts<\/strong><\/h2>\n\n\n\n<p>In diesem Projekt geht es darum, eine Azure-Anbindung von Smart-Home Komponenten der Firma J\u00e4ger Direkt zu realisieren. Die Komponenten wurden von J\u00e4ger Direkt zur Verf\u00fcgung gestellt.<\/p>\n\n\n\n<p>Ziel ist es, einen Seminarraum in der Hochschule Darmstadt mit den Smart-Home Komponenten auszustatten und so eine intelligente Raumsteuerung zu erm\u00f6glichen. Als langfristiges Ziel gilt die komplette Austattung der Geb\u00e4udeetage in Zusammenarbeit mit J\u00e4ger Direkt.<\/p>\n\n\n\n<p>Im Microsoft Cloud-Dienst Azure soll einen Auswertung der Daten, sowie eine Visualisierung der Datenstr\u00f6me stattfinden. Diese ist \u00fcber eine Web-App im Netz frei zug\u00e4nglich.<\/p>\n","protected":false},"excerpt":{"rendered":"<p>Azure Smart Home mit J\u00e4ger Direkt Dieses Projekt wurde von den Studierenden Natalie Reth, Frederik Marek, Mortiz Wallmann und Jacob Heins im Sommersemster 2019 bearbeitet. Betreuender Professor war Herr Dr. Christian B\u00fcrgy. Ziel des Projekts In diesem Projekt geht es darum, eine Azure-Anbindung von Smart-Home Komponenten der Firma J\u00e4ger Direkt zu realisieren. Die Komponenten wurden &hellip; <\/p>\n<p class=\"link-more\"><a href=\"https:\/\/azure.teamprojects.de\/?page_id=671\" class=\"more-link\"><span class=\"screen-reader-text\">\u201eTeam Projekt &#8211; 2019\u201c<\/span> weiterlesen<\/a><\/p>\n","protected":false},"author":100,"featured_media":0,"parent":0,"menu_order":0,"comment_status":"closed","ping_status":"closed","template":"","meta":[],"_links":{"self":[{"href":"https:\/\/azure.teamprojects.de\/index.php?rest_route=\/wp\/v2\/pages\/671"}],"collection":[{"href":"https:\/\/azure.teamprojects.de\/index.php?rest_route=\/wp\/v2\/pages"}],"about":[{"href":"https:\/\/azure.teamprojects.de\/index.php?rest_route=\/wp\/v2\/types\/page"}],"author":[{"embeddable":true,"href":"https:\/\/azure.teamprojects.de\/index.php?rest_route=\/wp\/v2\/users\/100"}],"replies":[{"embeddable":true,"href":"https:\/\/azure.teamprojects.de\/index.php?rest_route=%2Fwp%2Fv2%2Fcomments&post=671"}],"version-history":[{"count":10,"href":"https:\/\/azure.teamprojects.de\/index.php?rest_route=\/wp\/v2\/pages\/671\/revisions"}],"predecessor-version":[{"id":1159,"href":"https:\/\/azure.teamprojects.de\/index.php?rest_route=\/wp\/v2\/pages\/671\/revisions\/1159"}],"wp:attachment":[{"href":"https:\/\/azure.teamprojects.de\/index.php?rest_route=%2Fwp%2Fv2%2Fmedia&parent=671"}],"curies":[{"name":"wp","href":"https:\/\/api.w.org\/{rel}","templated":true}]}}