{"id":714,"date":"2019-07-16T08:37:55","date_gmt":"2019-07-16T06:37:55","guid":{"rendered":"https:\/\/azure.teamprojects.de\/?page_id=714"},"modified":"2019-09-07T15:45:27","modified_gmt":"2019-09-07T13:45:27","slug":"einrichten-der-cloud","status":"publish","type":"page","link":"https:\/\/azure.teamprojects.de\/?page_id=714","title":{"rendered":"Einrichten der Cloud"},"content":{"rendered":"\n<p>Dieses Kapitel besch\u00e4ftigt sich mit der Einrichtung der Azure Cloud-Dienste. Es werden die f\u00fcr das Projekt verwendeten Ressourcen vorgestellt und aufgezeigt, welche Schritte durchgef\u00fchrt werden m\u00fcssen, um diese zu erstellen. <\/p>\n\n\n\n<ul><li><a href=\"https:\/\/azure.teamprojects.de\/?page_id=720\">IoT-Hub<\/a><\/li><li><a href=\"https:\/\/azure.teamprojects.de\/?page_id=724\">Azure-Function<\/a><\/li><li><a href=\"https:\/\/azure.teamprojects.de\/?page_id=728\">SQL-Datenbank<\/a><\/li><\/ul>\n\n\n\n<p style=\"text-align:left\">Damit Azure genutzt werden kann, wird ein Azure-Account ben\u00f6tigt. Im Rahmen des Projektes wurde uns der Zugang \u00fcber das Unternehmen teXXmo  zur Verf\u00fcgung gestellt. Zur Erstellung eines Testaccounts  verweisen wir auf folgendes <a href=\"https:\/\/azure.teamprojects.de\/?page_id=549\">Projekt<\/a>.<\/p>\n","protected":false},"excerpt":{"rendered":"<p>Dieses Kapitel besch\u00e4ftigt sich mit der Einrichtung der Azure Cloud-Dienste. Es werden die f\u00fcr das Projekt verwendeten Ressourcen vorgestellt und aufgezeigt, welche Schritte durchgef\u00fchrt werden m\u00fcssen, um diese zu erstellen. IoT-Hub Azure-Function SQL-Datenbank Damit Azure genutzt werden kann, wird ein Azure-Account ben\u00f6tigt. Im Rahmen des Projektes wurde uns der Zugang \u00fcber das Unternehmen teXXmo zur &hellip; <\/p>\n<p class=\"link-more\"><a href=\"https:\/\/azure.teamprojects.de\/?page_id=714\" class=\"more-link\"><span class=\"screen-reader-text\">\u201eEinrichten der Cloud\u201c<\/span> weiterlesen<\/a><\/p>\n","protected":false},"author":100,"featured_media":0,"parent":671,"menu_order":0,"comment_status":"closed","ping_status":"closed","template":"","meta":[],"_links":{"self":[{"href":"https:\/\/azure.teamprojects.de\/index.php?rest_route=\/wp\/v2\/pages\/714"}],"collection":[{"href":"https:\/\/azure.teamprojects.de\/index.php?rest_route=\/wp\/v2\/pages"}],"about":[{"href":"https:\/\/azure.teamprojects.de\/index.php?rest_route=\/wp\/v2\/types\/page"}],"author":[{"embeddable":true,"href":"https:\/\/azure.teamprojects.de\/index.php?rest_route=\/wp\/v2\/users\/100"}],"replies":[{"embeddable":true,"href":"https:\/\/azure.teamprojects.de\/index.php?rest_route=%2Fwp%2Fv2%2Fcomments&post=714"}],"version-history":[{"count":7,"href":"https:\/\/azure.teamprojects.de\/index.php?rest_route=\/wp\/v2\/pages\/714\/revisions"}],"predecessor-version":[{"id":1120,"href":"https:\/\/azure.teamprojects.de\/index.php?rest_route=\/wp\/v2\/pages\/714\/revisions\/1120"}],"up":[{"embeddable":true,"href":"https:\/\/azure.teamprojects.de\/index.php?rest_route=\/wp\/v2\/pages\/671"}],"wp:attachment":[{"href":"https:\/\/azure.teamprojects.de\/index.php?rest_route=%2Fwp%2Fv2%2Fmedia&parent=714"}],"curies":[{"name":"wp","href":"https:\/\/api.w.org\/{rel}","templated":true}]}}