{"id":792,"date":"2019-08-21T10:58:18","date_gmt":"2019-08-21T08:58:18","guid":{"rendered":"https:\/\/azure.teamprojects.de\/?page_id=792"},"modified":"2019-09-30T12:31:28","modified_gmt":"2019-09-30T10:31:28","slug":"jaeger-direkt-smart-home-komponenten","status":"publish","type":"page","link":"https:\/\/azure.teamprojects.de\/?page_id=792","title":{"rendered":"J\u00e4ger Direkt Smart Home Komponenten"},"content":{"rendered":"\n<h2><strong>Vorstellung J\u00e4ger Direkt<\/strong><\/h2>\n\n\n\n<p>Dieses Projekt wird durch die Firma J\u00e4ger Direkt unterst\u00fctzt. J\u00e4ger Direkt ist ein deutscher Hersteller elektrotechnischer Produkte und Serviceleistungen. Mit der OPUS Produktreihe stellt J\u00e4ger f\u00fcr das Projekt Smart-Home Schalter und Sensoren zur Verf\u00fcgung.<\/p>\n\n\n\n<p style=\"text-align:left\">Mehr Informationen zu J\u00e4ger Direkt finden Sie unter:<br><a rel=\"noreferrer noopener\" aria-label=\"https:\/\/www.jaeger-direkt.com (opens in a new tab)\" href=\"https:\/\/www.jaeger-direkt.com\" target=\"_blank\">https:\/\/www.jaeger-direkt.com<\/a>                                                                      <img decoding=\"async\" class=\"alignright\" style=\"width: 135px;\" src=\"https:\/\/azure.teamprojects.de\/wp-content\/uploads\/2019\/08\/lg_Jaeger-Direkt_n_rgb_oben-1.png\" alt=\"\"><\/p>\n\n\n\n<p>Die OPUS- Produktlinie finden Sie hier:<br><a rel=\"noreferrer noopener\" aria-label=\"https:\/\/myopus.eu (opens in a new tab)\" href=\"https:\/\/myopus.eu\" target=\"_blank\">https:\/\/myopus.eu<\/a>                                                                                                  <img decoding=\"async\" class=\"alignright\" style=\"width: 135px;\" src=\"https:\/\/azure.teamprojects.de\/wp-content\/uploads\/2019\/09\/lg_OPUS_blau_cmyk.png\" alt=\"\"><\/p>\n\n\n\n<h2><strong>Bereitgestellte Komponenten<\/strong><\/h2>\n\n\n\n<h3>OPUS SmartHome Gateway<\/h3>\n\n\n\n<p>\n\nArtikel-Nr.: 563.075\n\n<\/p>\n\n\n\n<p>Das OPUS SmartHome Gateway bietet eine Anbindung an das Internet. Somit k\u00f6nnen die Smart-Home Komponenten mit Benutzer-Ger\u00e4ten sprechen, zum Beispiel \u00fcber Apple HomeKit. Auch Sprachassistenten wie Siri oder Alexa lassen sich so mit den Smart-Home Komponenten nutzen. \u00dcber das Gateway lassen sich Ger\u00e4te Konfigurieren und Regeln f\u00fcr die Kommunikation aufstellen.<\/p>\n\n\n\n<p>In diesem Projekt wird das Gateway als Anbindung an die Azure-Cloud genutzt. \u00dcber das Gateway werden Cloud-to-Device und Device-to-Cloud Nachrichten verschickt. Das Gateway spannt \u00fcber seinen Internetzugriff den Smart-Home Komponenten ein eigenes Funk-Netzwerk auf. Dieses basiert auf dem EnOcean-Protokoll und Funkstandard.<\/p>\n\n\n\n<p>Die genaue Konfiguration ist im Kapitel Konfiguration der Smart-Home Komponenten zu finden:<br><a href=\"https:\/\/azure.teamprojects.de\/?page_id=867\">https:\/\/azure.teamprojects.de\/?page_id=867<\/a><\/p>\n\n\n\n<div class=\"wp-block-image\"><figure class=\"aligncenter is-resized\"><img decoding=\"async\" loading=\"lazy\" src=\"https:\/\/azure.teamprojects.de\/wp-content\/uploads\/2019\/09\/OPUS_SmartHome_Gateway_563_075-C.jpg\" alt=\"\" class=\"wp-image-1233\" width=\"434\" height=\"361\" srcset=\"https:\/\/azure.teamprojects.de\/wp-content\/uploads\/2019\/09\/OPUS_SmartHome_Gateway_563_075-C.jpg 700w, https:\/\/azure.teamprojects.de\/wp-content\/uploads\/2019\/09\/OPUS_SmartHome_Gateway_563_075-C-300x250.jpg 300w\" sizes=\"(max-width: 434px) 100vw, 434px\" \/><figcaption>SmartHome Gateway<\/figcaption><\/figure><\/div>\n\n\n\n<h3>OPUS Config Tool<\/h3>\n\n\n\n<p> Artikel-Nr.: 563.040<\/p>\n\n\n\n<p>Das OPUS Config Tool dient zur Konfiguration der Ger\u00e4teparameter. Im Tool k\u00f6nnen R\u00e4ume definiert und Projekte erzeugt werden. Die Ein- und Ausg\u00e4nge der Smart-Home Komponenten k\u00f6nnen in der Software mit einander verschaltet werden. Die Ger\u00e4tekonfiguration wird danach direkt auf die Hardware der Ger\u00e4te geschrieben.<\/p>\n\n\n\n<p>Eine genauer beschreibung des Config Tools befindet sich im Kapitel Konfiguration der Smart-Home Komponenten :<br><a href=\"https:\/\/azure.teamprojects.de\/?page_id=867\">https:\/\/azure.teamprojects.de\/?page_id=867<\/a> <\/p>\n\n\n\n<p>Datenblatt:<br><a href=\"https:\/\/www.jaeger-direkt.com\/media\/pdf\/a8\/2a\/90\/DOK1060852qfisoS8OVjYAS.pdf\" target=\"_blank\" rel=\"noreferrer noopener\" aria-label=\"https:\/\/www.jaeger-direkt.com\/media\/pdf\/a8\/2a\/90\/DOK1060852qfisoS8OVjYAS.pdf (opens in a new tab)\">https:\/\/www.jaeger-direkt.com\/media\/pdf\/a8\/2a\/90\/DOK1060852qfisoS8OVjYAS.pdf<\/a><\/p>\n\n\n\n<div class=\"wp-block-image\"><figure class=\"aligncenter is-resized\"><img decoding=\"async\" loading=\"lazy\" src=\"https:\/\/azure.teamprojects.de\/wp-content\/uploads\/2019\/09\/Anmerkung-2019-09-24-001316-1024x750.png\" alt=\"\" class=\"wp-image-1234\" width=\"641\" height=\"469\" srcset=\"https:\/\/azure.teamprojects.de\/wp-content\/uploads\/2019\/09\/Anmerkung-2019-09-24-001316-1024x750.png 1024w, https:\/\/azure.teamprojects.de\/wp-content\/uploads\/2019\/09\/Anmerkung-2019-09-24-001316-300x220.png 300w, https:\/\/azure.teamprojects.de\/wp-content\/uploads\/2019\/09\/Anmerkung-2019-09-24-001316-768x563.png 768w, https:\/\/azure.teamprojects.de\/wp-content\/uploads\/2019\/09\/Anmerkung-2019-09-24-001316.png 1246w\" sizes=\"(max-width: 641px) 100vw, 641px\" \/><figcaption>Config-Tool<\/figcaption><\/figure><\/div>\n\n\n\n<h3>OPUS BRiDGE 1 Kanal Beleuchtung <\/h3>\n\n\n\n<p>Artikel-Nr.: 563.010<\/p>\n\n\n\n<p>Die Opus Bridge ist ein Smart-Schalter, der aus einem Leistungsteil und einem Bedienteil besteht. Die Bridge kann eingesetzt werden, um elektrische Verbraucher zu Schalten. Die Bridge wird in der Wand verbaut und zwischen Quelle und Verbraucher geschaltet.<\/p>\n\n\n\n<p>Datenblatt:<br> <a href=\"https:\/\/www.jaeger-direkt.com\/media\/pdf\/b6\/f4\/fe\/DOK1022252ALhGoyUq1IkPw.pdf\">https<\/a><a rel=\"noreferrer noopener\" aria-label=\":\/\/www.jaeger-direkt.com\/media\/pdf\/b6\/f4\/fe\/DOK1022252ALhGoyUq1IkPw.pdf (opens in a new tab)\" href=\"https:\/\/www.jaeger-direkt.com\/media\/pdf\/b6\/f4\/fe\/DOK1022252ALhGoyUq1IkPw.pdf\" target=\"_blank\">:\/\/www.jaeger-direkt.com\/media\/pdf\/b6\/f4\/fe\/DOK1022252ALhGoyUq1IkPw.pdf<\/a> <\/p>\n\n\n\n<div class=\"wp-block-image\"><figure class=\"aligncenter is-resized\"><img decoding=\"async\" loading=\"lazy\" src=\"https:\/\/azure.teamprojects.de\/wp-content\/uploads\/2019\/09\/OpusBridge1Kanal-1.png\" alt=\"\" class=\"wp-image-1287\" width=\"373\" height=\"394\" srcset=\"https:\/\/azure.teamprojects.de\/wp-content\/uploads\/2019\/09\/OpusBridge1Kanal-1.png 909w, https:\/\/azure.teamprojects.de\/wp-content\/uploads\/2019\/09\/OpusBridge1Kanal-1-283x300.png 283w, https:\/\/azure.teamprojects.de\/wp-content\/uploads\/2019\/09\/OpusBridge1Kanal-1-768x813.png 768w\" sizes=\"(max-width: 373px) 100vw, 373px\" \/><figcaption>OPUS Bridge<\/figcaption><\/figure><\/div>\n\n\n\n<h3>OPUS BRiDGE Rolladen\/Jalousie<\/h3>\n\n\n\n<p>Artikel-Nr.: 563.031<\/p>\n\n\n\n<p>Die OPUS Bridge f\u00fcr Jalousien und Rolll\u00e4den wird f\u00fcr das Steuern von Rolll\u00e4den und Jalousien eingesetzt. Sie wird direkt zwischen Quelle und Motor gebaut und dient so direkt als Motorsteuerung.<\/p>\n\n\n\n<p>In diesem Projekt werden zwei Bridges f\u00fcr Jalousien verbaut, die an den zwei Fenstern im Raum die Beschattung steuern.<\/p>\n\n\n\n<div class=\"wp-block-image\"><figure class=\"aligncenter is-resized\"><img decoding=\"async\" loading=\"lazy\" src=\"https:\/\/azure.teamprojects.de\/wp-content\/uploads\/2019\/09\/Download-1.jpg\" alt=\"\" class=\"wp-image-1271\" width=\"290\" height=\"290\" srcset=\"https:\/\/azure.teamprojects.de\/wp-content\/uploads\/2019\/09\/Download-1.jpg 225w, https:\/\/azure.teamprojects.de\/wp-content\/uploads\/2019\/09\/Download-1-150x150.jpg 150w, https:\/\/azure.teamprojects.de\/wp-content\/uploads\/2019\/09\/Download-1-100x100.jpg 100w\" sizes=\"(max-width: 290px) 100vw, 290px\" \/><figcaption>OPUS Jalousiesteuerung<\/figcaption><\/figure><\/div>\n\n\n\n<p>Datenblatt:<br><a href=\"https:\/\/www.jaeger-direkt.com\/media\/pdf\/5f\/5e\/7f\/DOK1032593LaNDKNBNOiMSU.pdf\" target=\"_blank\" rel=\"noreferrer noopener\" aria-label=\"https:\/\/www.jaeger-direkt.com\/media\/pdf\/5f\/5e\/7f\/DOK1032593LaNDKNBNOiMSU.pdf (opens in a new tab)\">https:\/\/www.jaeger-direkt.com\/media\/pdf\/5f\/5e\/7f\/DOK1032593LaNDKNBNOiMSU.pdf<\/a><\/p>\n\n\n\n<h3>OPUS SMS-Multifunktion<\/h3>\n\n\n\n<p>Artikel-Nr.: 563.052<\/p>\n\n\n\n<p>Der OPUS Bewegungsmelder dient zur Pr\u00e4senzmeldung im Raum. \u00dcber weitere eingebaute Sensoren kann er ebenso Temperatur und Luftfeuchtigkeit messen. Dies l\u00e4sst \u00fcber verschiedene Kommunikationsprotokolle einstellen.<\/p>\n\n\n\n<p>In diesem Projekt werden zwei Bewegungsmelder verbaut. Sie dienen zur Erfassung der Raumtemperatur und der Pr\u00e4senzerfassung. Somit sollen die L\u00fcftungszyklen und die Lichtsteuerung angepasst werden.<\/p>\n\n\n\n<p>Datenblatt:<br><a href=\"https:\/\/www.jaeger-direkt.com\/media\/pdf\/9b\/91\/b0\/DOK1049631C6QR2t71DasKb.pdf\" target=\"_blank\" rel=\"noreferrer noopener\" aria-label=\"https:\/\/www.jaeger-direkt.com\/media\/pdf\/9b\/91\/b0\/DOK1049631C6QR2t71DasKb.pdf (opens in a new tab)\">https:\/\/www.jaeger-direkt.com\/media\/pdf\/9b\/91\/b0\/DOK1049631C6QR2t71DasKb.pdf<\/a><\/p>\n\n\n\n<div class=\"wp-block-image\"><figure class=\"aligncenter is-resized\"><img decoding=\"async\" loading=\"lazy\" src=\"https:\/\/azure.teamprojects.de\/wp-content\/uploads\/2019\/09\/PIC0071587.jpg\" alt=\"\" class=\"wp-image-1275\" width=\"337\" height=\"389\"\/><figcaption>OPUS Bewegungsmelder<\/figcaption><\/figure><\/div>\n\n\n\n<h3>OPUS BRiDGE 2 polig 16A<\/h3>\n\n\n\n<p>Artikel-Nr.: 563.014<\/p>\n\n\n\n<p>Die OPUS Bridge mit 16 Ampere Leistungsteil verh\u00e4lt sich wie die normale Opus Bridge, kann aber einen h\u00f6heren Strom von bis zu 16A f\u00fchren. Sie eignet sich daher besonders zum Schalten von leistungsstarken Verbrauchern.<\/p>\n\n\n\n<p>In diesem Projekt wird eine 16A Bridge f\u00fcr das Schalten einer Steckdose verwendet<\/p>\n\n\n\n<p>Datenblatt:<br><a href=\"https:\/\/www.jaeger-direkt.com\/media\/pdf\/45\/82\/a9\/DOK1104594vgOuKvYE0M1nP.pdf\" target=\"_blank\" rel=\"noreferrer noopener\" aria-label=\"https:\/\/www.jaeger-direkt.com\/media\/pdf\/45\/82\/a9\/DOK1104594vgOuKvYE0M1nP.pdf (opens in a new tab)\">https:\/\/www.jaeger-direkt.com\/media\/pdf\/45\/82\/a9\/DOK1104594vgOuKvYE0M1nP.pdf<\/a><\/p>\n\n\n\n<div class=\"wp-block-image\"><figure class=\"aligncenter\"><img decoding=\"async\" loading=\"lazy\" width=\"525\" height=\"525\" src=\"https:\/\/azure.teamprojects.de\/wp-content\/uploads\/2019\/09\/PIC0291704.jpg\" alt=\"\" class=\"wp-image-1284\" srcset=\"https:\/\/azure.teamprojects.de\/wp-content\/uploads\/2019\/09\/PIC0291704.jpg 525w, https:\/\/azure.teamprojects.de\/wp-content\/uploads\/2019\/09\/PIC0291704-150x150.jpg 150w, https:\/\/azure.teamprojects.de\/wp-content\/uploads\/2019\/09\/PIC0291704-300x300.jpg 300w, https:\/\/azure.teamprojects.de\/wp-content\/uploads\/2019\/09\/PIC0291704-100x100.jpg 100w\" sizes=\"(max-width: 525px) 100vw, 525px\" \/><figcaption>OPUS 16A Bridge<\/figcaption><\/figure><\/div>\n\n\n\n<h3>OPUS T\u00fcr\/Fensterkontakt<\/h3>\n\n\n\n<p>Artikel-Nr.: 561.454<\/p>\n\n\n\n<p>Der OPUS Fenster- und T\u00fcrkontakt dient dazu den Auf\/Zu Zustand eines Fenster oder einer T\u00fcr zu erfassen. Er besteht aus einem am Rahmen befestigten Modul und einem an dem Fenster oder der T\u00fcr angebrachten Magneten.<\/p>\n\n\n\n<p>In diesem Projekt werden zwei Fensterkontakte und ein T\u00fcrkontakt verbaut. Damit soll der Auf\/zu Zustand des Raumes \u00fcberwacht werden um zum Beispiel die Heizungs- und Beleuchtungsperioden optimieren zu k\u00f6nnen.<\/p>\n\n\n\n<p>Datenblatt:<br><a href=\"https:\/\/www.jaeger-direkt.com\/media\/pdf\/72\/32\/0e\/DOK10577943q4ROlUlcmmWJ.pdf\" target=\"_blank\" rel=\"noreferrer noopener\" aria-label=\"https:\/\/www.jaeger-direkt.com\/media\/pdf\/72\/32\/0e\/DOK10577943q4ROlUlcmmWJ.pdf (opens in a new tab)\">https:\/\/www.jaeger-direkt.com\/media\/pdf\/72\/32\/0e\/DOK10577943q4ROlUlcmmWJ.pdf<\/a><\/p>\n\n\n\n<div class=\"wp-block-image\"><figure class=\"aligncenter is-resized\"><img decoding=\"async\" loading=\"lazy\" src=\"https:\/\/azure.teamprojects.de\/wp-content\/uploads\/2019\/09\/61jzXRKz5IL._AC_SL1500_-e1569352935372.jpg\" alt=\"\" class=\"wp-image-1286\" width=\"455\" height=\"136\" srcset=\"https:\/\/azure.teamprojects.de\/wp-content\/uploads\/2019\/09\/61jzXRKz5IL._AC_SL1500_-e1569352935372.jpg 757w, https:\/\/azure.teamprojects.de\/wp-content\/uploads\/2019\/09\/61jzXRKz5IL._AC_SL1500_-e1569352935372-300x90.jpg 300w\" sizes=\"(max-width: 455px) 100vw, 455px\" \/><figcaption>OPUS Fenster- und T\u00fcrkontakt<\/figcaption><\/figure><\/div>\n\n\n\n<h3>OPUS Heizungs-Stellantrieb<\/h3>\n\n\n\n<p>Der  OPUS Stellantrieb dient zur Steuerung von Heizk\u00f6rpern. Er bezieht seine Energie aus der W\u00e4rme des Heizk\u00f6rpers und arbeitet energieautark.<\/p>\n\n\n\n<p>In diesem Projekt wurden zwei Stellantriebe verbaut.<\/p>\n\n\n\n<p>Datenblatt:<br><a href=\"https:\/\/myopus.eu\/media\/pdf\/56\/93\/cd\/DOK1106032.pdf\" target=\"_blank\" rel=\"noreferrer noopener\" aria-label=\"https:\/\/myopus.eu\/media\/pdf\/56\/93\/cd\/DOK1106032.pdf (opens in a new tab)\">https:\/\/myopus.eu\/media\/pdf\/56\/93\/cd\/DOK1106032.pdf<\/a><\/p>\n\n\n\n<div class=\"wp-block-image\"><figure class=\"aligncenter is-resized\"><img decoding=\"async\" loading=\"lazy\" src=\"https:\/\/azure.teamprojects.de\/wp-content\/uploads\/2019\/09\/OPUS_Stellantrieb_HOME_rund_563_060_2_600x600.jpg\" alt=\"\" class=\"wp-image-1291\" width=\"485\" height=\"323\" srcset=\"https:\/\/azure.teamprojects.de\/wp-content\/uploads\/2019\/09\/OPUS_Stellantrieb_HOME_rund_563_060_2_600x600.jpg 600w, https:\/\/azure.teamprojects.de\/wp-content\/uploads\/2019\/09\/OPUS_Stellantrieb_HOME_rund_563_060_2_600x600-300x200.jpg 300w\" sizes=\"(max-width: 485px) 100vw, 485px\" \/><figcaption>OPUS Stellantrieb<\/figcaption><\/figure><\/div>\n","protected":false},"excerpt":{"rendered":"<p>Vorstellung J\u00e4ger Direkt Dieses Projekt wird durch die Firma J\u00e4ger Direkt unterst\u00fctzt. J\u00e4ger Direkt ist ein deutscher Hersteller elektrotechnischer Produkte und Serviceleistungen. Mit der OPUS Produktreihe stellt J\u00e4ger f\u00fcr das Projekt Smart-Home Schalter und Sensoren zur Verf\u00fcgung. Mehr Informationen zu J\u00e4ger Direkt finden Sie unter:https:\/\/www.jaeger-direkt.com Die OPUS- Produktlinie finden Sie hier:https:\/\/myopus.eu Bereitgestellte Komponenten OPUS SmartHome &hellip; <\/p>\n<p class=\"link-more\"><a href=\"https:\/\/azure.teamprojects.de\/?page_id=792\" class=\"more-link\"><span class=\"screen-reader-text\">\u201eJ\u00e4ger Direkt Smart Home Komponenten\u201c<\/span> weiterlesen<\/a><\/p>\n","protected":false},"author":100,"featured_media":793,"parent":671,"menu_order":1,"comment_status":"closed","ping_status":"closed","template":"","meta":[],"_links":{"self":[{"href":"https:\/\/azure.teamprojects.de\/index.php?rest_route=\/wp\/v2\/pages\/792"}],"collection":[{"href":"https:\/\/azure.teamprojects.de\/index.php?rest_route=\/wp\/v2\/pages"}],"about":[{"href":"https:\/\/azure.teamprojects.de\/index.php?rest_route=\/wp\/v2\/types\/page"}],"author":[{"embeddable":true,"href":"https:\/\/azure.teamprojects.de\/index.php?rest_route=\/wp\/v2\/users\/100"}],"replies":[{"embeddable":true,"href":"https:\/\/azure.teamprojects.de\/index.php?rest_route=%2Fwp%2Fv2%2Fcomments&post=792"}],"version-history":[{"count":24,"href":"https:\/\/azure.teamprojects.de\/index.php?rest_route=\/wp\/v2\/pages\/792\/revisions"}],"predecessor-version":[{"id":1498,"href":"https:\/\/azure.teamprojects.de\/index.php?rest_route=\/wp\/v2\/pages\/792\/revisions\/1498"}],"up":[{"embeddable":true,"href":"https:\/\/azure.teamprojects.de\/index.php?rest_route=\/wp\/v2\/pages\/671"}],"wp:featuredmedia":[{"embeddable":true,"href":"https:\/\/azure.teamprojects.de\/index.php?rest_route=\/wp\/v2\/media\/793"}],"wp:attachment":[{"href":"https:\/\/azure.teamprojects.de\/index.php?rest_route=%2Fwp%2Fv2%2Fmedia&parent=792"}],"curies":[{"name":"wp","href":"https:\/\/api.w.org\/{rel}","templated":true}]}}